{"id":1240,"date":"2022-04-26T07:29:35","date_gmt":"2022-04-26T11:29:35","guid":{"rendered":"https:\/\/patiotime.loftocean.com\/demo4\/?page_id=11"},"modified":"2023-03-21T14:30:09","modified_gmt":"2023-03-21T18:30:09","slug":"notre-histoire","status":"publish","type":"page","link":"https:\/\/aupetitcafechezdenise.com\/?page_id=1240","title":{"rendered":"Notre histoire"},"content":{"rendered":"\t\t<div data-elementor-type=\"wp-page\" data-elementor-id=\"1240\" class=\"elementor elementor-1240\">\n\t\t\t\t\t\t<section class=\"elementor-section elementor-top-section elementor-element elementor-element-bc11931 elementor-section-full_width elementor-section-height-min-height elementor-section-items-stretch elementor-reverse-mobile elementor-section-height-default\" data-id=\"bc11931\" data-element_type=\"section\" data-settings=\"{&quot;background_background&quot;:&quot;classic&quot;}\">\n\t\t\t\t\t\t<div class=\"elementor-container elementor-column-gap-no\">\n\t\t\t\t\t<div class=\"elementor-column elementor-col-50 elementor-top-column elementor-element elementor-element-ad98aad\" data-id=\"ad98aad\" data-element_type=\"column\">\n\t\t\t<div class=\"elementor-widget-wrap elementor-element-populated\">\n\t\t\t\t\t\t<div class=\"elementor-element elementor-element-83ee590 elementor-widget elementor-widget-pt_title\" data-id=\"83ee590\" data-element_type=\"widget\" data-widget_type=\"pt_title.default\">\n\t\t\t\t<div class=\"elementor-widget-container\">\n\t\t\t\n        <div class=\"pt-title-wrap\">\t            <div class=\"pt-subtitle-wrap\"><span class=\"pt-subtitle color-secondary\">depuis plus de 20 ans<\/span><\/div>\t            <h3 class=\"pt-title\">\n\t                Notre histoire\t            <\/h3>\t            <div class=\"pt-title-text\">\n\t                <p>\u00a0<\/p><p>Le Petit Caf\u00e9 Chez Denise est avant tout l&#8217;endroit sympathique o\u00f9 l&#8217;on vient pour la qualit\u00e9 des petits d\u00e9jeuner\u00a0 toujours copieux, les montagnes de fruits frais accompagn\u00e9es d&#8217;un caf\u00e9 d&#8217;une mouture unique, test\u00e9e et approuv\u00e9e par les clients r\u00e9guliers.<\/p><p>En apr\u00e8s midi, peut-\u00eatre avez-vous envie d&#8217;une bonne bi\u00e8re et de nachos bien install\u00e9 sur l&#8217;une des plus grande terrasse de Saint Sauveur.<\/p><p>L&#8217;\u00e9quipe du Petit Caf\u00e9 Chez Denise s&#8217;assure de vous offrir un repas de qualit\u00e9 \u00e0 prix plus qu&#8217;abordable que ce soit pour d\u00e9jeuner ou diner, dans une ambiance conviviale, amicale et propice aux plaisir entre amis.<\/p>\t            <\/div>        <\/div>\t\t<\/div>\n\t\t\t\t<\/div>\n\t\t\t\t\t<\/div>\n\t\t<\/div>\n\t\t\t\t<div class=\"elementor-column elementor-col-50 elementor-top-column elementor-element elementor-element-13d06c0\" data-id=\"13d06c0\" data-element_type=\"column\" data-settings=\"{&quot;background_background&quot;:&quot;classic&quot;}\">\n\t\t\t<div class=\"elementor-widget-wrap elementor-element-populated\">\n\t\t\t\t\t\t<div class=\"elementor-element elementor-element-284d073 elementor-widget elementor-widget-spacer\" data-id=\"284d073\" data-element_type=\"widget\" data-widget_type=\"spacer.default\">\n\t\t\t\t<div class=\"elementor-widget-container\">\n\t\t\t<style>\/*! elementor - v3.20.0 - 26-03-2024 *\/\n.elementor-column .elementor-spacer-inner{height:var(--spacer-size)}.e-con{--container-widget-width:100%}.e-con-inner>.elementor-widget-spacer,.e-con>.elementor-widget-spacer{width:var(--container-widget-width,var(--spacer-size));--align-self:var(--container-widget-align-self,initial);--flex-shrink:0}.e-con-inner>.elementor-widget-spacer>.elementor-widget-container,.e-con>.elementor-widget-spacer>.elementor-widget-container{height:100%;width:100%}.e-con-inner>.elementor-widget-spacer>.elementor-widget-container>.elementor-spacer,.e-con>.elementor-widget-spacer>.elementor-widget-container>.elementor-spacer{height:100%}.e-con-inner>.elementor-widget-spacer>.elementor-widget-container>.elementor-spacer>.elementor-spacer-inner,.e-con>.elementor-widget-spacer>.elementor-widget-container>.elementor-spacer>.elementor-spacer-inner{height:var(--container-widget-height,var(--spacer-size))}.e-con-inner>.elementor-widget-spacer.elementor-widget-empty,.e-con>.elementor-widget-spacer.elementor-widget-empty{position:relative;min-height:22px;min-width:22px}.e-con-inner>.elementor-widget-spacer.elementor-widget-empty .elementor-widget-empty-icon,.e-con>.elementor-widget-spacer.elementor-widget-empty .elementor-widget-empty-icon{position:absolute;top:0;bottom:0;left:0;right:0;margin:auto;padding:0;width:22px;height:22px}<\/style>\t\t<div class=\"elementor-spacer\">\n\t\t\t<div class=\"elementor-spacer-inner\"><\/div>\n\t\t<\/div>\n\t\t\t\t<\/div>\n\t\t\t\t<\/div>\n\t\t\t\t\t<\/div>\n\t\t<\/div>\n\t\t\t\t\t<\/div>\n\t\t<\/section>\n\t\t\t\t<\/div>\n\t\t","protected":false},"excerpt":{"rendered":"<p>depuis plus de 20 ans Notre histoire \u00a0 Le Petit Caf\u00e9 Chez Denise est avant tout l&rsquo;endroit sympathique o\u00f9 l&rsquo;on vient pour la qualit\u00e9 des petits d\u00e9jeuner\u00a0 toujours copieux, les montagnes de fruits frais accompagn\u00e9es d&rsquo;un caf\u00e9 d&rsquo;une mouture unique, test\u00e9e et approuv\u00e9e par les clients r\u00e9guliers. En apr\u00e8s midi, peut-\u00eatre avez-vous envie d&rsquo;une bonne &#8230;<\/p>\n","protected":false},"author":2,"featured_media":0,"parent":0,"menu_order":0,"comment_status":"closed","ping_status":"closed","template":"template-wide-content.php","meta":{"patiotime_single_page_hide_site_header":"","patiotime_single_page_site_header_source":"","patiotime_single_page_custom_site_header":"0","patiotime_single_page_custom_sticky_site_header":"0","patiotime_single_page_hide_page_title":"on","patiotime_single_page_header_section_size":"","patiotime_single_page_header_background_color":"","patiotime_single_page_header_background_position_x":"center","patiotime_single_page_header_background_position_y":"center","patiotime_single_page_header_background_size":"cover","patiotime_single_page_header_background_repeat":"off","patiotime_single_page_header_background_scroll":"on","patiotime_single_page_header_text_color":"","patiotime_single_page_header_show_breadcrumb":"","patiotime_single_page_site_footer_hide_main":"","patiotime_single_custom_site_footer_main_source":"","patiotime_single_custom_site_footer_main":"0","patiotime_single_page_site_footer_hide_above":"","patiotime_single_custom_site_footer_above_source":"","patiotime_single_custom_site_footer_above":"0","patiotime_single_page_site_footer_hide_instagram":"","patiotime_single_page_site_footer_hide_bottom":"","patiotime_single_custom_mobile_menu_source":"","patiotime_single_custom_mobile_menu":"0","patiotime_single_custom_mobile_menu_animation":"","patiotime_single_custom_mobile_menu_width":"","patiotime_single_custom_mobile_menu_custom_width":375,"footnotes":""},"class_list":["post-1240","page","type-page","status-publish","hentry"],"yoast_head":"<!-- This site is optimized with the Yoast SEO plugin v27.6 - https:\/\/yoast.com\/product\/yoast-seo-wordpress\/ -->\n<title>Notre histoire - Restaurant au petit caf\u00e9 chez Denise<\/title>\n<meta name=\"robots\" content=\"index, follow, max-snippet:-1, max-image-preview:large, max-video-preview:-1\" \/>\n<link rel=\"canonical\" href=\"https:\/\/aupetitcafechezdenise.com\/?page_id=1240\" \/>\n<meta property=\"og:locale\" content=\"en_GB\" \/>\n<meta property=\"og:type\" content=\"article\" \/>\n<meta property=\"og:title\" content=\"Notre histoire - Restaurant au petit caf\u00e9 chez Denise\" \/>\n<meta property=\"og:description\" content=\"depuis plus de 20 ans Notre histoire \u00a0 Le Petit Caf\u00e9 Chez Denise est avant tout l&rsquo;endroit sympathique o\u00f9 l&rsquo;on vient pour la qualit\u00e9 des petits d\u00e9jeuner\u00a0 toujours copieux, les montagnes de fruits frais accompagn\u00e9es d&rsquo;un caf\u00e9 d&rsquo;une mouture unique, test\u00e9e et approuv\u00e9e par les clients r\u00e9guliers. En apr\u00e8s midi, peut-\u00eatre avez-vous envie d&rsquo;une bonne ...\" \/>\n<meta property=\"og:url\" content=\"https:\/\/aupetitcafechezdenise.com\/?page_id=1240\" \/>\n<meta property=\"og:site_name\" content=\"Restaurant au petit caf\u00e9 chez Denise\" \/>\n<meta property=\"article:modified_time\" content=\"2023-03-21T18:30:09+00:00\" \/>\n<meta name=\"twitter:card\" content=\"summary_large_image\" \/>\n<meta name=\"twitter:label1\" content=\"Estimated reading time\" \/>\n\t<meta name=\"twitter:data1\" content=\"1 minute\" \/>\n<script type=\"application\/ld+json\" class=\"yoast-schema-graph\">{\"@context\":\"https:\\\/\\\/schema.org\",\"@graph\":[{\"@type\":\"WebPage\",\"@id\":\"https:\\\/\\\/aupetitcafechezdenise.com\\\/?page_id=1240\",\"url\":\"https:\\\/\\\/aupetitcafechezdenise.com\\\/?page_id=1240\",\"name\":\"Notre histoire - Restaurant au petit caf\u00e9 chez Denise\",\"isPartOf\":{\"@id\":\"https:\\\/\\\/aupetitcafechezdenise.com\\\/#website\"},\"datePublished\":\"2022-04-26T11:29:35+00:00\",\"dateModified\":\"2023-03-21T18:30:09+00:00\",\"breadcrumb\":{\"@id\":\"https:\\\/\\\/aupetitcafechezdenise.com\\\/?page_id=1240#breadcrumb\"},\"inLanguage\":\"en-GB\",\"potentialAction\":[{\"@type\":\"ReadAction\",\"target\":[\"https:\\\/\\\/aupetitcafechezdenise.com\\\/?page_id=1240\"]}]},{\"@type\":\"BreadcrumbList\",\"@id\":\"https:\\\/\\\/aupetitcafechezdenise.com\\\/?page_id=1240#breadcrumb\",\"itemListElement\":[{\"@type\":\"ListItem\",\"position\":1,\"name\":\"Accueil\",\"item\":\"https:\\\/\\\/aupetitcafechezdenise.com\\\/\"},{\"@type\":\"ListItem\",\"position\":2,\"name\":\"Notre histoire\"}]},{\"@type\":\"WebSite\",\"@id\":\"https:\\\/\\\/aupetitcafechezdenise.com\\\/#website\",\"url\":\"https:\\\/\\\/aupetitcafechezdenise.com\\\/\",\"name\":\"Restaurant au petit caf\u00e9 chez Denise\",\"description\":\"\",\"publisher\":{\"@id\":\"https:\\\/\\\/aupetitcafechezdenise.com\\\/#organization\"},\"potentialAction\":[{\"@type\":\"SearchAction\",\"target\":{\"@type\":\"EntryPoint\",\"urlTemplate\":\"https:\\\/\\\/aupetitcafechezdenise.com\\\/?s={search_term_string}\"},\"query-input\":{\"@type\":\"PropertyValueSpecification\",\"valueRequired\":true,\"valueName\":\"search_term_string\"}}],\"inLanguage\":\"en-GB\"},{\"@type\":\"Organization\",\"@id\":\"https:\\\/\\\/aupetitcafechezdenise.com\\\/#organization\",\"name\":\"Restaurant au petit caf\u00e9 chez Denise\",\"url\":\"https:\\\/\\\/aupetitcafechezdenise.com\\\/\",\"logo\":{\"@type\":\"ImageObject\",\"inLanguage\":\"en-GB\",\"@id\":\"https:\\\/\\\/aupetitcafechezdenise.com\\\/#\\\/schema\\\/logo\\\/image\\\/\",\"url\":\"https:\\\/\\\/aupetitcafechezdenise.com\\\/wp-content\\\/uploads\\\/2023\\\/02\\\/Petit_cafe_chez_Denise_Logo_renverse-1.png\",\"contentUrl\":\"https:\\\/\\\/aupetitcafechezdenise.com\\\/wp-content\\\/uploads\\\/2023\\\/02\\\/Petit_cafe_chez_Denise_Logo_renverse-1.png\",\"width\":964,\"height\":362,\"caption\":\"Restaurant au petit caf\u00e9 chez Denise\"},\"image\":{\"@id\":\"https:\\\/\\\/aupetitcafechezdenise.com\\\/#\\\/schema\\\/logo\\\/image\\\/\"}}]}<\/script>\n<!-- \/ Yoast SEO plugin. -->","yoast_head_json":{"title":"Notre histoire - Restaurant au petit caf\u00e9 chez Denise","robots":{"index":"index","follow":"follow","max-snippet":"max-snippet:-1","max-image-preview":"max-image-preview:large","max-video-preview":"max-video-preview:-1"},"canonical":"https:\/\/aupetitcafechezdenise.com\/?page_id=1240","og_locale":"en_GB","og_type":"article","og_title":"Notre histoire - Restaurant au petit caf\u00e9 chez Denise","og_description":"depuis plus de 20 ans Notre histoire \u00a0 Le Petit Caf\u00e9 Chez Denise est avant tout l&rsquo;endroit sympathique o\u00f9 l&rsquo;on vient pour la qualit\u00e9 des petits d\u00e9jeuner\u00a0 toujours copieux, les montagnes de fruits frais accompagn\u00e9es d&rsquo;un caf\u00e9 d&rsquo;une mouture unique, test\u00e9e et approuv\u00e9e par les clients r\u00e9guliers. En apr\u00e8s midi, peut-\u00eatre avez-vous envie d&rsquo;une bonne ...","og_url":"https:\/\/aupetitcafechezdenise.com\/?page_id=1240","og_site_name":"Restaurant au petit caf\u00e9 chez Denise","article_modified_time":"2023-03-21T18:30:09+00:00","twitter_card":"summary_large_image","twitter_misc":{"Estimated reading time":"1 minute"},"schema":{"@context":"https:\/\/schema.org","@graph":[{"@type":"WebPage","@id":"https:\/\/aupetitcafechezdenise.com\/?page_id=1240","url":"https:\/\/aupetitcafechezdenise.com\/?page_id=1240","name":"Notre histoire - Restaurant au petit caf\u00e9 chez Denise","isPartOf":{"@id":"https:\/\/aupetitcafechezdenise.com\/#website"},"datePublished":"2022-04-26T11:29:35+00:00","dateModified":"2023-03-21T18:30:09+00:00","breadcrumb":{"@id":"https:\/\/aupetitcafechezdenise.com\/?page_id=1240#breadcrumb"},"inLanguage":"en-GB","potentialAction":[{"@type":"ReadAction","target":["https:\/\/aupetitcafechezdenise.com\/?page_id=1240"]}]},{"@type":"BreadcrumbList","@id":"https:\/\/aupetitcafechezdenise.com\/?page_id=1240#breadcrumb","itemListElement":[{"@type":"ListItem","position":1,"name":"Accueil","item":"https:\/\/aupetitcafechezdenise.com\/"},{"@type":"ListItem","position":2,"name":"Notre histoire"}]},{"@type":"WebSite","@id":"https:\/\/aupetitcafechezdenise.com\/#website","url":"https:\/\/aupetitcafechezdenise.com\/","name":"Restaurant au petit caf\u00e9 chez Denise","description":"","publisher":{"@id":"https:\/\/aupetitcafechezdenise.com\/#organization"},"potentialAction":[{"@type":"SearchAction","target":{"@type":"EntryPoint","urlTemplate":"https:\/\/aupetitcafechezdenise.com\/?s={search_term_string}"},"query-input":{"@type":"PropertyValueSpecification","valueRequired":true,"valueName":"search_term_string"}}],"inLanguage":"en-GB"},{"@type":"Organization","@id":"https:\/\/aupetitcafechezdenise.com\/#organization","name":"Restaurant au petit caf\u00e9 chez Denise","url":"https:\/\/aupetitcafechezdenise.com\/","logo":{"@type":"ImageObject","inLanguage":"en-GB","@id":"https:\/\/aupetitcafechezdenise.com\/#\/schema\/logo\/image\/","url":"https:\/\/aupetitcafechezdenise.com\/wp-content\/uploads\/2023\/02\/Petit_cafe_chez_Denise_Logo_renverse-1.png","contentUrl":"https:\/\/aupetitcafechezdenise.com\/wp-content\/uploads\/2023\/02\/Petit_cafe_chez_Denise_Logo_renverse-1.png","width":964,"height":362,"caption":"Restaurant au petit caf\u00e9 chez Denise"},"image":{"@id":"https:\/\/aupetitcafechezdenise.com\/#\/schema\/logo\/image\/"}}]}},"_links":{"self":[{"href":"https:\/\/aupetitcafechezdenise.com\/index.php?rest_route=\/wp\/v2\/pages\/1240","targetHints":{"allow":["GET"]}}],"collection":[{"href":"https:\/\/aupetitcafechezdenise.com\/index.php?rest_route=\/wp\/v2\/pages"}],"about":[{"href":"https:\/\/aupetitcafechezdenise.com\/index.php?rest_route=\/wp\/v2\/types\/page"}],"author":[{"embeddable":true,"href":"https:\/\/aupetitcafechezdenise.com\/index.php?rest_route=\/wp\/v2\/users\/2"}],"replies":[{"embeddable":true,"href":"https:\/\/aupetitcafechezdenise.com\/index.php?rest_route=%2Fwp%2Fv2%2Fcomments&post=1240"}],"version-history":[{"count":70,"href":"https:\/\/aupetitcafechezdenise.com\/index.php?rest_route=\/wp\/v2\/pages\/1240\/revisions"}],"predecessor-version":[{"id":3944,"href":"https:\/\/aupetitcafechezdenise.com\/index.php?rest_route=\/wp\/v2\/pages\/1240\/revisions\/3944"}],"wp:attachment":[{"href":"https:\/\/aupetitcafechezdenise.com\/index.php?rest_route=%2Fwp%2Fv2%2Fmedia&parent=1240"}],"curies":[{"name":"wp","href":"https:\/\/api.w.org\/{rel}","templated":true}]}}