{"id":1241,"date":"2022-04-26T07:29:55","date_gmt":"2022-04-26T11:29:55","guid":{"rendered":"https:\/\/patiotime.loftocean.com\/demo4\/?page_id=13"},"modified":"2023-03-07T20:49:09","modified_gmt":"2023-03-08T01:49:09","slug":"contact","status":"publish","type":"page","link":"https:\/\/aupetitcafechezdenise.com\/?page_id=1241","title":{"rendered":"Contact"},"content":{"rendered":"\t\t<div data-elementor-type=\"wp-page\" data-elementor-id=\"1241\" class=\"elementor elementor-1241\">\n\t\t\t\t\t\t<section class=\"elementor-section elementor-top-section elementor-element elementor-element-08444e7 elementor-section-full_width elementor-section-height-min-height elementor-section-items-stretch elementor-section-height-default\" data-id=\"08444e7\" data-element_type=\"section\" data-settings=\"{&quot;background_background&quot;:&quot;classic&quot;}\">\n\t\t\t\t\t\t<div class=\"elementor-container elementor-column-gap-no\">\n\t\t\t\t\t<div class=\"elementor-column elementor-col-50 elementor-top-column elementor-element elementor-element-42f2081\" data-id=\"42f2081\" data-element_type=\"column\">\n\t\t\t<div class=\"elementor-widget-wrap elementor-element-populated\">\n\t\t\t\t\t\t<div class=\"elementor-element elementor-element-08e53bf elementor-widget elementor-widget-pt_title\" data-id=\"08e53bf\" data-element_type=\"widget\" data-widget_type=\"pt_title.default\">\n\t\t\t\t<div class=\"elementor-widget-container\">\n\t\t\t\n        <div class=\"pt-title-wrap\">\t            <h4 class=\"pt-title\">\n\t                Nos heures d'ouvertures\t            <\/h4>\t            <div class=\"pt-title-text\">\n\t                <p>Tous les jours de 6h \u00e0 15h<\/p>\t            <\/div>        <\/div>\t\t<\/div>\n\t\t\t\t<\/div>\n\t\t\t\t<div class=\"elementor-element elementor-element-eaa8b5a elementor-widget-mobile__width-inherit elementor-widget elementor-widget-pt_divider\" data-id=\"eaa8b5a\" data-element_type=\"widget\" data-widget_type=\"pt_divider.default\">\n\t\t\t\t<div class=\"elementor-widget-container\">\n\t\t\t\n        <div class=\"pt-divider\">            <div class=\"pt-d-line\"><\/div>        <\/div>\t\t<\/div>\n\t\t\t\t<\/div>\n\t\t\t\t<div class=\"elementor-element elementor-element-c3bb5bc elementor-widget elementor-widget-pt_title\" data-id=\"c3bb5bc\" data-element_type=\"widget\" data-widget_type=\"pt_title.default\">\n\t\t\t\t<div class=\"elementor-widget-container\">\n\t\t\t\n        <div class=\"pt-title-wrap\">\t            <h4 class=\"pt-title\">\n\t                R\u00e9servation\t            <\/h4>\t            <div class=\"pt-title-text\">\n\t                <p>Nous prenons des r\u00e9servations pour le d\u00e9jeuner et le diner, seulement pour les groupes de 6 ou plus.&nbsp;<\/p>\n<p>Pour faire une r\u00e9servation appelez tous les jours de 6h \u00e0 15h au<strong> <a href=\"https:\/\/www.google.com\/search?q=petit+caf%C3%A9+chez+denise&amp;sxsrf=AJOqlzV-2_lNf-ZjN3fwb3OVrjDsAHYGhA%3A1677016084461&amp;ei=FDz1Y6PhG-aYptQPsoeikA8&amp;gs_ssp=eJzj4tZP1zcsyYo3Kc9LNmC0UjWoMElOTjNOTDYwNjNMS7NMMrYyqLBMNUk2NE00STMyMTRIszTwEi9ILcksUUhOTDu8UiE5I7VKISU1L7M4FQCAEBhl&amp;oq=petit&amp;gs_lcp=Cgxnd3Mtd2l6LXNlcnAQARgAMgoILhDHARCvARAnMgQIIxAnMgQIABBDMgoIABCxAxCDARBDMgoIABCxAxCDARBDMgQILhBDMgcIABCxAxBDMgcIABCxAxBDMg4ILhCvARDHARCxAxCABDIFCAAQgAQ6CgguEMcBENEDECc6CwgAEIAEELEDEIMBOggIABCABBCxAzoICC4QsQMQgwE6DgguEIAEEMcBEK8BENQCOgcILhCxAxBDOgsILhCABBCxAxCDAToICAAQsQMQgwE6CgguEIMBELEDEEM6CgguEMcBENEDEEM6BwguENQCEENKBAhBGABQAFipBmCdDmgAcAF4AIABmwGIAY0FkgEDMS40mAEAoAEBwAEB&amp;sclient=gws-wiz-serp#\" data-dtype=\"d3ph\" data-local-attribute=\"d3ph\" data-ved=\"2ahUKEwjkwtP_y6f9AhXMlIkEHQfiCm8QkAgoAHoECG0QAw\"><span aria-label=\"Appeler le num\u00e9ro (450) 227-5955\">(450) 227-5955<\/span><\/a>&nbsp;<\/strong><span style=\"font-size: inherit; color: var(--content-color); font-family: var(--body-font);\">ou envoyer un email <\/span><span style=\"font-weight: 700; color: var(--content-color); font-size: var(--post-text-size); font-family: var(--body-font);\">eric@aupetitcafechezdenise.com&nbsp;<\/span><span style=\"color: var(--content-color); font-size: var(--post-text-size); font-family: var(--body-font);\">la veille.<\/span><span style=\"color: var(--content-color); font-family: var(--body-font); font-size: var(--post-text-size); font-weight: 700;\">&nbsp;<\/span><\/p>\t            <\/div>        <\/div>\t\t<\/div>\n\t\t\t\t<\/div>\n\t\t\t\t\t<\/div>\n\t\t<\/div>\n\t\t\t\t<div class=\"elementor-column elementor-col-50 elementor-top-column elementor-element elementor-element-646e4c5\" data-id=\"646e4c5\" data-element_type=\"column\" data-settings=\"{&quot;background_background&quot;:&quot;classic&quot;}\">\n\t\t\t<div class=\"elementor-widget-wrap elementor-element-populated\">\n\t\t\t\t\t\t<div class=\"elementor-element elementor-element-64328f2 elementor-widget elementor-widget-spacer\" data-id=\"64328f2\" data-element_type=\"widget\" data-widget_type=\"spacer.default\">\n\t\t\t\t<div class=\"elementor-widget-container\">\n\t\t\t<style>\/*! elementor - v3.20.0 - 26-03-2024 *\/\n.elementor-column .elementor-spacer-inner{height:var(--spacer-size)}.e-con{--container-widget-width:100%}.e-con-inner>.elementor-widget-spacer,.e-con>.elementor-widget-spacer{width:var(--container-widget-width,var(--spacer-size));--align-self:var(--container-widget-align-self,initial);--flex-shrink:0}.e-con-inner>.elementor-widget-spacer>.elementor-widget-container,.e-con>.elementor-widget-spacer>.elementor-widget-container{height:100%;width:100%}.e-con-inner>.elementor-widget-spacer>.elementor-widget-container>.elementor-spacer,.e-con>.elementor-widget-spacer>.elementor-widget-container>.elementor-spacer{height:100%}.e-con-inner>.elementor-widget-spacer>.elementor-widget-container>.elementor-spacer>.elementor-spacer-inner,.e-con>.elementor-widget-spacer>.elementor-widget-container>.elementor-spacer>.elementor-spacer-inner{height:var(--container-widget-height,var(--spacer-size))}.e-con-inner>.elementor-widget-spacer.elementor-widget-empty,.e-con>.elementor-widget-spacer.elementor-widget-empty{position:relative;min-height:22px;min-width:22px}.e-con-inner>.elementor-widget-spacer.elementor-widget-empty .elementor-widget-empty-icon,.e-con>.elementor-widget-spacer.elementor-widget-empty .elementor-widget-empty-icon{position:absolute;top:0;bottom:0;left:0;right:0;margin:auto;padding:0;width:22px;height:22px}<\/style>\t\t<div class=\"elementor-spacer\">\n\t\t\t<div class=\"elementor-spacer-inner\"><\/div>\n\t\t<\/div>\n\t\t\t\t<\/div>\n\t\t\t\t<\/div>\n\t\t\t\t\t<\/div>\n\t\t<\/div>\n\t\t\t\t\t<\/div>\n\t\t<\/section>\n\t\t\t\t<section class=\"elementor-section elementor-top-section elementor-element elementor-element-3263f7e elementor-section-boxed elementor-section-height-default elementor-section-height-default\" data-id=\"3263f7e\" data-element_type=\"section\">\n\t\t\t\t\t\t<div class=\"elementor-container elementor-column-gap-no\">\n\t\t\t\t\t<div class=\"elementor-column elementor-col-100 elementor-top-column elementor-element elementor-element-9c50669\" data-id=\"9c50669\" data-element_type=\"column\">\n\t\t\t<div class=\"elementor-widget-wrap elementor-element-populated\">\n\t\t\t\t\t\t<div class=\"elementor-element elementor-element-40b8a36 elementor-widget elementor-widget-pt_title\" data-id=\"40b8a36\" data-element_type=\"widget\" data-widget_type=\"pt_title.default\">\n\t\t\t\t<div class=\"elementor-widget-container\">\n\t\t\t\n        <div class=\"pt-title-wrap text-center\">\t            <h4 class=\"pt-title\">\n\t                Notre adresse\t            <\/h4>\t            <div class=\"pt-title-text\">\n\t                <p><span style=\"color: rgb(32, 33, 36); font-family: arial, sans-serif; font-size: 14px; text-align: left;\">338 Rue Principale, Saint-Sauveur, QC J0R 1R0<\/span><br><\/p>\t            <\/div>        <\/div>\t\t<\/div>\n\t\t\t\t<\/div>\n\t\t\t\t<div class=\"elementor-element elementor-element-436813d elementor-widget elementor-widget-google_maps\" data-id=\"436813d\" data-element_type=\"widget\" data-widget_type=\"google_maps.default\">\n\t\t\t\t<div class=\"elementor-widget-container\">\n\t\t\t<style>\/*! elementor - v3.20.0 - 26-03-2024 *\/\n.elementor-widget-google_maps .elementor-widget-container{overflow:hidden}.elementor-widget-google_maps .elementor-custom-embed{line-height:0}.elementor-widget-google_maps iframe{height:300px}<\/style>\t\t<div class=\"elementor-custom-embed\">\n\t\t\t<iframe loading=\"lazy\"\n\t\t\t\t\tsrc=\"https:\/\/maps.google.com\/maps?q=338%20Rue%20Principale%2C%20Saint-Sauveur%2C%20QC%20J0R%201R0&#038;t=m&#038;z=10&#038;output=embed&#038;iwloc=near\"\n\t\t\t\t\ttitle=\"338 Rue Principale, Saint-Sauveur, QC J0R 1R0\"\n\t\t\t\t\taria-label=\"338 Rue Principale, Saint-Sauveur, QC J0R 1R0\"\n\t\t\t><\/iframe>\n\t\t<\/div>\n\t\t\t\t<\/div>\n\t\t\t\t<\/div>\n\t\t\t\t\t<\/div>\n\t\t<\/div>\n\t\t\t\t\t<\/div>\n\t\t<\/section>\n\t\t\t\t<\/div>\n\t\t","protected":false},"excerpt":{"rendered":"<p>Nos heures d&#8217;ouvertures Tous les jours de 6h \u00e0 15h R\u00e9servation Nous prenons des r\u00e9servations pour le d\u00e9jeuner et le diner, seulement pour les groupes de 6 ou plus.&nbsp; Pour faire une r\u00e9servation appelez tous les jours de 6h \u00e0 15h au (450) 227-5955&nbsp;ou envoyer un email eric@aupetitcafechezdenise.com&nbsp;la veille.&nbsp; Notre adresse 338 Rue Principale, Saint-Sauveur, &#8230;<\/p>\n","protected":false},"author":1,"featured_media":0,"parent":0,"menu_order":0,"comment_status":"closed","ping_status":"closed","template":"template-wide-content.php","meta":{"patiotime_single_page_hide_site_header":"","patiotime_single_page_site_header_source":"","patiotime_single_page_custom_site_header":"0","patiotime_single_page_custom_sticky_site_header":"0","patiotime_single_page_hide_page_title":"on","patiotime_single_page_header_section_size":"","patiotime_single_page_header_background_color":"","patiotime_single_page_header_background_position_x":"center","patiotime_single_page_header_background_position_y":"center","patiotime_single_page_header_background_size":"cover","patiotime_single_page_header_background_repeat":"off","patiotime_single_page_header_background_scroll":"on","patiotime_single_page_header_text_color":"","patiotime_single_page_header_show_breadcrumb":"","patiotime_single_page_site_footer_hide_main":"","patiotime_single_custom_site_footer_main_source":"","patiotime_single_custom_site_footer_main":"0","patiotime_single_page_site_footer_hide_above":"","patiotime_single_custom_site_footer_above_source":"","patiotime_single_custom_site_footer_above":"0","patiotime_single_page_site_footer_hide_instagram":"","patiotime_single_page_site_footer_hide_bottom":"","patiotime_single_custom_mobile_menu_source":"","patiotime_single_custom_mobile_menu":"0","patiotime_single_custom_mobile_menu_animation":"","patiotime_single_custom_mobile_menu_width":"","patiotime_single_custom_mobile_menu_custom_width":375,"footnotes":""},"class_list":["post-1241","page","type-page","status-publish","hentry"],"yoast_head":"<!-- This site is optimized with the Yoast SEO plugin v27.5 - https:\/\/yoast.com\/product\/yoast-seo-wordpress\/ -->\n<title>Contact - Restaurant au petit caf\u00e9 chez Denise<\/title>\n<meta name=\"robots\" content=\"index, follow, max-snippet:-1, max-image-preview:large, max-video-preview:-1\" \/>\n<link rel=\"canonical\" href=\"https:\/\/aupetitcafechezdenise.com\/?page_id=1241\" \/>\n<meta property=\"og:locale\" content=\"en_GB\" \/>\n<meta property=\"og:type\" content=\"article\" \/>\n<meta property=\"og:title\" content=\"Contact - Restaurant au petit caf\u00e9 chez Denise\" \/>\n<meta property=\"og:description\" content=\"Nos heures d&#8217;ouvertures Tous les jours de 6h \u00e0 15h R\u00e9servation Nous prenons des r\u00e9servations pour le d\u00e9jeuner et le diner, seulement pour les groupes de 6 ou plus.&nbsp; Pour faire une r\u00e9servation appelez tous les jours de 6h \u00e0 15h au (450) 227-5955&nbsp;ou envoyer un email eric@aupetitcafechezdenise.com&nbsp;la veille.&nbsp; Notre adresse 338 Rue Principale, Saint-Sauveur, ...\" \/>\n<meta property=\"og:url\" content=\"https:\/\/aupetitcafechezdenise.com\/?page_id=1241\" \/>\n<meta property=\"og:site_name\" content=\"Restaurant au petit caf\u00e9 chez Denise\" \/>\n<meta property=\"article:modified_time\" content=\"2023-03-08T01:49:09+00:00\" \/>\n<meta name=\"twitter:card\" content=\"summary_large_image\" \/>\n<meta name=\"twitter:label1\" content=\"Estimated reading time\" \/>\n\t<meta name=\"twitter:data1\" content=\"1 minute\" \/>\n<script type=\"application\/ld+json\" class=\"yoast-schema-graph\">{\"@context\":\"https:\\\/\\\/schema.org\",\"@graph\":[{\"@type\":\"WebPage\",\"@id\":\"https:\\\/\\\/aupetitcafechezdenise.com\\\/?page_id=1241\",\"url\":\"https:\\\/\\\/aupetitcafechezdenise.com\\\/?page_id=1241\",\"name\":\"Contact - Restaurant au petit caf\u00e9 chez Denise\",\"isPartOf\":{\"@id\":\"https:\\\/\\\/aupetitcafechezdenise.com\\\/#website\"},\"datePublished\":\"2022-04-26T11:29:55+00:00\",\"dateModified\":\"2023-03-08T01:49:09+00:00\",\"breadcrumb\":{\"@id\":\"https:\\\/\\\/aupetitcafechezdenise.com\\\/?page_id=1241#breadcrumb\"},\"inLanguage\":\"en-GB\",\"potentialAction\":[{\"@type\":\"ReadAction\",\"target\":[\"https:\\\/\\\/aupetitcafechezdenise.com\\\/?page_id=1241\"]}]},{\"@type\":\"BreadcrumbList\",\"@id\":\"https:\\\/\\\/aupetitcafechezdenise.com\\\/?page_id=1241#breadcrumb\",\"itemListElement\":[{\"@type\":\"ListItem\",\"position\":1,\"name\":\"Accueil\",\"item\":\"https:\\\/\\\/aupetitcafechezdenise.com\\\/\"},{\"@type\":\"ListItem\",\"position\":2,\"name\":\"Contact\"}]},{\"@type\":\"WebSite\",\"@id\":\"https:\\\/\\\/aupetitcafechezdenise.com\\\/#website\",\"url\":\"https:\\\/\\\/aupetitcafechezdenise.com\\\/\",\"name\":\"Restaurant au petit caf\u00e9 chez Denise\",\"description\":\"\",\"publisher\":{\"@id\":\"https:\\\/\\\/aupetitcafechezdenise.com\\\/#organization\"},\"potentialAction\":[{\"@type\":\"SearchAction\",\"target\":{\"@type\":\"EntryPoint\",\"urlTemplate\":\"https:\\\/\\\/aupetitcafechezdenise.com\\\/?s={search_term_string}\"},\"query-input\":{\"@type\":\"PropertyValueSpecification\",\"valueRequired\":true,\"valueName\":\"search_term_string\"}}],\"inLanguage\":\"en-GB\"},{\"@type\":\"Organization\",\"@id\":\"https:\\\/\\\/aupetitcafechezdenise.com\\\/#organization\",\"name\":\"Restaurant au petit caf\u00e9 chez Denise\",\"url\":\"https:\\\/\\\/aupetitcafechezdenise.com\\\/\",\"logo\":{\"@type\":\"ImageObject\",\"inLanguage\":\"en-GB\",\"@id\":\"https:\\\/\\\/aupetitcafechezdenise.com\\\/#\\\/schema\\\/logo\\\/image\\\/\",\"url\":\"https:\\\/\\\/aupetitcafechezdenise.com\\\/wp-content\\\/uploads\\\/2023\\\/02\\\/Petit_cafe_chez_Denise_Logo_renverse-1.png\",\"contentUrl\":\"https:\\\/\\\/aupetitcafechezdenise.com\\\/wp-content\\\/uploads\\\/2023\\\/02\\\/Petit_cafe_chez_Denise_Logo_renverse-1.png\",\"width\":964,\"height\":362,\"caption\":\"Restaurant au petit caf\u00e9 chez Denise\"},\"image\":{\"@id\":\"https:\\\/\\\/aupetitcafechezdenise.com\\\/#\\\/schema\\\/logo\\\/image\\\/\"}}]}<\/script>\n<!-- \/ Yoast SEO plugin. -->","yoast_head_json":{"title":"Contact - Restaurant au petit caf\u00e9 chez Denise","robots":{"index":"index","follow":"follow","max-snippet":"max-snippet:-1","max-image-preview":"max-image-preview:large","max-video-preview":"max-video-preview:-1"},"canonical":"https:\/\/aupetitcafechezdenise.com\/?page_id=1241","og_locale":"en_GB","og_type":"article","og_title":"Contact - Restaurant au petit caf\u00e9 chez Denise","og_description":"Nos heures d&#8217;ouvertures Tous les jours de 6h \u00e0 15h R\u00e9servation Nous prenons des r\u00e9servations pour le d\u00e9jeuner et le diner, seulement pour les groupes de 6 ou plus.&nbsp; Pour faire une r\u00e9servation appelez tous les jours de 6h \u00e0 15h au (450) 227-5955&nbsp;ou envoyer un email eric@aupetitcafechezdenise.com&nbsp;la veille.&nbsp; Notre adresse 338 Rue Principale, Saint-Sauveur, ...","og_url":"https:\/\/aupetitcafechezdenise.com\/?page_id=1241","og_site_name":"Restaurant au petit caf\u00e9 chez Denise","article_modified_time":"2023-03-08T01:49:09+00:00","twitter_card":"summary_large_image","twitter_misc":{"Estimated reading time":"1 minute"},"schema":{"@context":"https:\/\/schema.org","@graph":[{"@type":"WebPage","@id":"https:\/\/aupetitcafechezdenise.com\/?page_id=1241","url":"https:\/\/aupetitcafechezdenise.com\/?page_id=1241","name":"Contact - Restaurant au petit caf\u00e9 chez Denise","isPartOf":{"@id":"https:\/\/aupetitcafechezdenise.com\/#website"},"datePublished":"2022-04-26T11:29:55+00:00","dateModified":"2023-03-08T01:49:09+00:00","breadcrumb":{"@id":"https:\/\/aupetitcafechezdenise.com\/?page_id=1241#breadcrumb"},"inLanguage":"en-GB","potentialAction":[{"@type":"ReadAction","target":["https:\/\/aupetitcafechezdenise.com\/?page_id=1241"]}]},{"@type":"BreadcrumbList","@id":"https:\/\/aupetitcafechezdenise.com\/?page_id=1241#breadcrumb","itemListElement":[{"@type":"ListItem","position":1,"name":"Accueil","item":"https:\/\/aupetitcafechezdenise.com\/"},{"@type":"ListItem","position":2,"name":"Contact"}]},{"@type":"WebSite","@id":"https:\/\/aupetitcafechezdenise.com\/#website","url":"https:\/\/aupetitcafechezdenise.com\/","name":"Restaurant au petit caf\u00e9 chez Denise","description":"","publisher":{"@id":"https:\/\/aupetitcafechezdenise.com\/#organization"},"potentialAction":[{"@type":"SearchAction","target":{"@type":"EntryPoint","urlTemplate":"https:\/\/aupetitcafechezdenise.com\/?s={search_term_string}"},"query-input":{"@type":"PropertyValueSpecification","valueRequired":true,"valueName":"search_term_string"}}],"inLanguage":"en-GB"},{"@type":"Organization","@id":"https:\/\/aupetitcafechezdenise.com\/#organization","name":"Restaurant au petit caf\u00e9 chez Denise","url":"https:\/\/aupetitcafechezdenise.com\/","logo":{"@type":"ImageObject","inLanguage":"en-GB","@id":"https:\/\/aupetitcafechezdenise.com\/#\/schema\/logo\/image\/","url":"https:\/\/aupetitcafechezdenise.com\/wp-content\/uploads\/2023\/02\/Petit_cafe_chez_Denise_Logo_renverse-1.png","contentUrl":"https:\/\/aupetitcafechezdenise.com\/wp-content\/uploads\/2023\/02\/Petit_cafe_chez_Denise_Logo_renverse-1.png","width":964,"height":362,"caption":"Restaurant au petit caf\u00e9 chez Denise"},"image":{"@id":"https:\/\/aupetitcafechezdenise.com\/#\/schema\/logo\/image\/"}}]}},"_links":{"self":[{"href":"https:\/\/aupetitcafechezdenise.com\/index.php?rest_route=\/wp\/v2\/pages\/1241","targetHints":{"allow":["GET"]}}],"collection":[{"href":"https:\/\/aupetitcafechezdenise.com\/index.php?rest_route=\/wp\/v2\/pages"}],"about":[{"href":"https:\/\/aupetitcafechezdenise.com\/index.php?rest_route=\/wp\/v2\/types\/page"}],"author":[{"embeddable":true,"href":"https:\/\/aupetitcafechezdenise.com\/index.php?rest_route=\/wp\/v2\/users\/1"}],"replies":[{"embeddable":true,"href":"https:\/\/aupetitcafechezdenise.com\/index.php?rest_route=%2Fwp%2Fv2%2Fcomments&post=1241"}],"version-history":[{"count":50,"href":"https:\/\/aupetitcafechezdenise.com\/index.php?rest_route=\/wp\/v2\/pages\/1241\/revisions"}],"predecessor-version":[{"id":3491,"href":"https:\/\/aupetitcafechezdenise.com\/index.php?rest_route=\/wp\/v2\/pages\/1241\/revisions\/3491"}],"wp:attachment":[{"href":"https:\/\/aupetitcafechezdenise.com\/index.php?rest_route=%2Fwp%2Fv2%2Fmedia&parent=1241"}],"curies":[{"name":"wp","href":"https:\/\/api.w.org\/{rel}","templated":true}]}}